{"id":6524,"date":"2018-06-13T18:41:18","date_gmt":"2018-06-13T16:41:18","guid":{"rendered":"http:\/\/betoncirebyherman.nl\/website\/?page_id=6524"},"modified":"2018-06-13T18:52:12","modified_gmt":"2018-06-13T16:52:12","slug":"privacy_statement","status":"publish","type":"page","link":"https:\/\/betoncirebyherman.nl\/website\/privacy_statement\/","title":{"rendered":"Privacy statement"},"content":{"rendered":"[vc_row type=&#8221;full_width_background&#8221; bg_color=&#8221;#ffffff&#8221; scene_position=&#8221;center&#8221; text_color=&#8221;dark&#8221; text_align=&#8221;left&#8221; bottom_padding=&#8221;3%&#8221; overlay_strength=&#8221;0.3&#8243;][vc_column column_padding=&#8221;padding-7-percent&#8221; column_padding_position=&#8221;all&#8221; background_color_opacity=&#8221;1&#8243; background_hover_color_opacity=&#8221;1&#8243; width=&#8221;1\/1&#8243;][vc_column_text]\n<h4><span style=\"color: #ba9d17;\">Inleiding<\/span><\/h4>\n<p>Beton-Cir\u00e9 by Herman neemt jouw privacy zeer serieus en zal informatie over jou (de betrokkene) op een veilige manier verwerken en gebruiken. In dit Privacy Statement leggen wij je uit welke gegevens wij verwerken, en met welk doel we dat doen. Daarnaast kun je in dit Privacy Statement lezen over jouw rechten met betrekking tot onze verwerking van jouw persoonsgegevens. We raden je aan dit Privacy Statement aandachtig door te nemen. Voor vragen kun je altijd contact opnemen met <a href=\"mailto:info@byherman.nl\">info@byherman.nl<\/a>.<\/p>\n<h4><span style=\"color: #ba9d17;\">Wie is Beton-Cir\u00e9 by Herman?<\/span><\/h4>\n<p>Beton-Cir\u00e9 by Herman is de eenmanszaak Beton-Cir\u00e9 by Herman, kantoorhoudende te (8266 JS) Kampen aan Tichelgat 7, ingeschreven in het handelsregister van de Kamer van Koophandel onder nummer 05058718.<br \/>\nHerman Geveke is ten aanzien van de verwerking van jouw persoonsgegevens door Beton-Cir\u00e9 by Herman de verwerkingsverantwoordelijke.<\/p>\n<h4><span style=\"color: #ba9d17;\">Hoe gebruikt Beton-Cir\u00e9 by Herman jouw gegevens?<\/span><\/h4>\n<p>Hieronder vind je een overzicht van de doeleinden waarvoor Beton-Cir\u00e9 by Herman persoonsgegevens over jou verwerkt. Daarbij is telkens aangegeven welke gegevens Beton-Cir\u00e9 by Herman voor dat specifieke doel gebruikt, wat de juridische grondslag is om die gegevens te mogen verwerken en hoe lang de gegevens door Beton-Cir\u00e9 by Herman worden bewaard. Om het overzichtelijk te houden, hebben we alles gegroepeerd naar type gegevensstroom.<\/p>\n<p><em>Dienstverlening, klantenbeheer en financi\u00eble administratie<\/em><\/p>\n<p>Doeleinde:\u00a0Financi\u00eble administratie<br \/>\nGegevens:\u00a0Bedrijfsnaam, Factuuradres, Bankgegevens (Naam bank\/IBAN\/BIC)<br \/>\nGrondslag:\u00a0Wettelijke verplichting<br \/>\nBewaartermijn:\u00a0Zo lang als noodzakelijk voor dit doeleinde<\/p>\n<p>Doeleinde:\u00a0Verlenen van de dienst zelf<br \/>\nGegevens:\u00a0NAW-gegevens, E-mailadres, Gegevens die nodig zijn om de dienst te leveren, Gegevens die tijdens de dienst gegenereerd worden<br \/>\nGrondslag:\u00a0Uitvoering van de overeenkomst<br \/>\nBewaartermijn:\u00a0Zo lang als noodzakelijk voor dit doeleinde<\/p>\n<p>Doeleinde:\u00a0Afhandelen klachten<br \/>\nGegevens:\u00a0NAW-gegevens, E-mailadres, Gegevens die nodig zijn om de dienst te leveren, Gegevens die tijdens de dienst gegenereerd worden<br \/>\nGrondslag:\u00a0Uitvoering van de overeenkomst<br \/>\nBewaartermijn:\u00a0Zo lang als noodzakelijk voor dit doeleinde<\/p>\n<p>Doeleinde:\u00a0Facturatie<br \/>\nGegevens:\u00a0NAW-gegevens, E-mailadres, Gegevens die nodig zijn om de dienst te leveren, Gegevens die tijdens de dienst gegenereerd worden<br \/>\nGrondslag:\u00a0Uitvoering van de overeenkomst<br \/>\nBewaartermijn:\u00a0Zo lang als noodzakelijk voor dit doeleinde<\/p>\n<h4><span style=\"color: #ba9d17;\">Hoe verkrijgen wij jouw persoonsgegevens?<\/span><\/h4>\n<p>Beton-Cir\u00e9 by Herman heeft gegevens over jou in bezit, omdat jij die gegevens aan ons verstrekt hebt. .<\/p>\n<h4><span style=\"color: #ba9d17;\">Wat zijn jouw rechten?<\/span><\/h4>\n<p>Onder de Europese Algemene Verordening Gegevensbescherming beschik je over een aantal rechten met betrekking tot jouw gegevens en de verwerking ervan:<\/p>\n<h4><span style=\"color: #ba9d17;\">Inzage<\/span><\/h4>\n<p>Je kunt je eigen (persoons)gegevens altijd bekijken en zo nodig wijzigen in je account. Als je de persoonsgegevens wilt zien die bij Beton-Cir\u00e9 by Herman over je zijn vastgelegd, kun je een verzoek tot inzage doen.<\/p>\n<h4><span style=\"color: #ba9d17;\">Wijzigen<\/span><\/h4>\n<p>Als je veranderingen wilt aanbrengen in de persoonsgegevens die je hebt gezien naar aanleiding van een inzageverzoek en die je niet zelf in je account kan veranderen, kun je een verzoek hiertoe doen bij Beton-Cir\u00e9 by Herman. Je kunt verzoeken dat Beton-Cir\u00e9 by Herman je gegevens wijzigt, verbetert, aanvult, verwijdert of afschermt.<\/p>\n<h4><span style=\"color: #ba9d17;\">Beperken van de verwerking<\/span><\/h4>\n<p>Je hebt daarnaast, onder voorwaarden, het recht om Beton-Cir\u00e9 by Herman te verzoeken de verwerking van je persoonsgegevens te beperken.<\/p>\n<h4><span style=\"color: #ba9d17;\">Recht van bezwaar<\/span><\/h4>\n<p>Als een bepaalde verwerking op grond van het \u2018gerechtvaardigd belang\u2019 van Beton-Cir\u00e9 by Herman of een derde plaatsvindt, heb je het recht om bezwaar te maken tegen die verwerking.<\/p>\n<h4><span style=\"color: #ba9d17;\">Gegevensoverdracht<\/span><\/h4>\n<p>Je hebt het recht jouw persoonsgegevens van Beton-Cir\u00e9 by Herman te verkrijgen. Beton-Cir\u00e9 by Herman zal deze verstrekken in een gestructureerde en gangbare vorm, die op eenvoudige wijze in andere gangbare digitale systemen te openen valt. Op deze manier kun je jouw gegevens ook bij een andere aanbieder onderbrengen.<\/p>\n<h4><span style=\"color: #ba9d17;\">Toestemming intrekken<\/span><\/h4>\n<p>In alle gevallen waarin de grondslag voor een bepaalde gegevensverwerking jouw toestemming is, heb je het recht die toestemming in te trekken. Dat heeft voor het verleden geen gevolgen, maar betekent wel dat wij die gegevens dan niet meer mogen verwerken. Het kan zijn dat Beton-Cir\u00e9 by Herman je daardoor bepaalde diensten niet meer kan leveren.<\/p>\n<h4><span style=\"color: #ba9d17;\">Reactie door Beton-Cir\u00e9 by Herman<\/span><\/h4>\n<p>Een verzoek kan verstuurd worden naar <a href=\"mailto:info@byherman.nl\">info@byherman.nl<\/a>. Beton-Cir\u00e9 by Herman zal je verzoek zo snel mogelijk inwilligen en in elk geval niet later dan \u00e9\u00e9n (1) maand nadat Beton-Cir\u00e9 by Herman een dergelijk verzoek heeft ontvangen. Indien Beton-Cir\u00e9 by Herman je verzoek afwijst zullen wij in ons antwoord aangeven waarom het verzoek wordt afgewezen.<\/p>\n<h4><span style=\"color: #ba9d17;\">Ontvangers van de persoonsgegevens<\/span><\/h4>\n<p>Het kan zijn dat Beton-Cir\u00e9 by Herman verplicht is je gegevens te verstrekken aan een derde partij, bijvoorbeeld op grond van een wettelijke verplichting.<br \/>\nWat zijn cookies en hoe gebruikt Beton-Cir\u00e9 by Herman ze?<br \/>\nCookies zijn kleine stukjes (tekst)informatie die bij het bezoek van de website van Beton-Cir\u00e9 by Herman worden meegestuurd aan je browser en vervolgens op de harde schijf of in het geheugen van je computer, tablet, mobiele telefoon of ander apparaat (hierna: \u201cApparaat\u201d) worden opgeslagen. De cookies die via de website van Beton-Cir\u00e9 by Herman worden geplaatst, kunnen jouw Apparaat of de bestanden die daarop opgeslagen staan niet beschadigen. Als we het over \u2018cookies\u2019 hebben, bedoelen we niet alleen deze kleine stukjes (tekst)informatie, maar ook vergelijkbare technieken waarmee informatie verzameld wordt, zoals bijvoorbeeld device fingerprinting.<\/p>\n<h4><span style=\"color: #ba9d17;\">Kan dit Privacy Statement worden gewijzigd?<\/span><\/h4>\n<p>Dit Privacy Statement kan worden gewijzigd. Wij adviseren je daarom regelmatig het Privacy Statement na te lezen op eventuele wijzigingen.<\/p>\n<h4><span style=\"color: #ba9d17;\">Waar kan je terecht met klachten en vragen?<\/span><\/h4>\n<p>Mocht je nog vragen hebben over dit Privacy Statement en de wijze waarop Beton-Cir\u00e9 by Herman je gegevens gebruikt, dan kun je een e-mail sturen naar <a href=\"mailto:info@byherman.nl\">info@byherman.nl<\/a>. Ook als je een klacht hebt over de manier waarop Beton-Cir\u00e9 by Herman jouw gegevens verwerkt, kun je een e-mail sturen naar <a href=\"mailto:info@byherman.nl\">info@byherman.nl<\/a>. Daarnaast kan je ook altijd contact opnemen met de bevoegde nationale toezichthouder op het gebied van privacybescherming. In Nederland is dit de Autoriteit Persoonsgegevens[\/vc_column_text][\/vc_column][\/vc_row]\n","protected":false},"excerpt":{"rendered":"<p>[vc_row type=&#8221;full_width_background&#8221; bg_color=&#8221;#ffffff&#8221; scene_position=&#8221;center&#8221; text_color=&#8221;dark&#8221; text_align=&#8221;left&#8221; bottom_padding=&#8221;3%&#8221; overlay_strength=&#8221;0.3&#8243;][vc_column column_padding=&#8221;padding-7-percent&#8221; column_padding_position=&#8221;all&#8221; background_color_opacity=&#8221;1&#8243; background_hover_color_opacity=&#8221;1&#8243; width=&#8221;1\/1&#8243;][vc_column_text] Inleiding Beton-Cir\u00e9 by Herman neemt jouw privacy zeer serieus en zal informatie over jou (de betrokkene) op&#8230;<\/p>\n","protected":false},"author":1,"featured_media":0,"parent":0,"menu_order":0,"comment_status":"closed","ping_status":"closed","template":"","meta":{"footnotes":""},"class_list":["post-6524","page","type-page","status-publish"],"_links":{"self":[{"href":"https:\/\/betoncirebyherman.nl\/website\/wp-json\/wp\/v2\/pages\/6524"}],"collection":[{"href":"https:\/\/betoncirebyherman.nl\/website\/wp-json\/wp\/v2\/pages"}],"about":[{"href":"https:\/\/betoncirebyherman.nl\/website\/wp-json\/wp\/v2\/types\/page"}],"author":[{"embeddable":true,"href":"https:\/\/betoncirebyherman.nl\/website\/wp-json\/wp\/v2\/users\/1"}],"replies":[{"embeddable":true,"href":"https:\/\/betoncirebyherman.nl\/website\/wp-json\/wp\/v2\/comments?post=6524"}],"version-history":[{"count":10,"href":"https:\/\/betoncirebyherman.nl\/website\/wp-json\/wp\/v2\/pages\/6524\/revisions"}],"predecessor-version":[{"id":6534,"href":"https:\/\/betoncirebyherman.nl\/website\/wp-json\/wp\/v2\/pages\/6524\/revisions\/6534"}],"wp:attachment":[{"href":"https:\/\/betoncirebyherman.nl\/website\/wp-json\/wp\/v2\/media?parent=6524"}],"curies":[{"name":"wp","href":"https:\/\/api.w.org\/{rel}","templated":true}]}}